{"id":412,"date":"2023-07-22T19:59:01","date_gmt":"2023-07-22T17:59:01","guid":{"rendered":"https:\/\/decmar.es\/conceptes\/"},"modified":"2024-04-02T13:53:21","modified_gmt":"2024-04-02T11:53:21","slug":"conceptes","status":"publish","type":"page","link":"https:\/\/decmar.es\/ca\/conceptes\/","title":{"rendered":"Conceptes"},"content":{"rendered":"\n<div class=\"wp-block-uagb-container uagb-block-99f9a057 alignfull uagb-is-root-container\"><div class=\"uagb-container-inner-blocks-wrap\">\n<div class=\"wp-block-uagb-container uagb-block-2573a292\">\n<figure class=\"wp-block-image size-large\"><img loading=\"lazy\" decoding=\"async\" width=\"1024\" height=\"683\" src=\"https:\/\/decmar.es\/wp-content\/uploads\/2023\/08\/marmol_apaisado-1024x683.jpg\" alt=\"\" class=\"wp-image-315\" srcset=\"https:\/\/decmar.es\/wp-content\/uploads\/2023\/08\/marmol_apaisado-1024x683.jpg 1024w, https:\/\/decmar.es\/wp-content\/uploads\/2023\/08\/marmol_apaisado-300x200.jpg 300w, https:\/\/decmar.es\/wp-content\/uploads\/2023\/08\/marmol_apaisado-768x512.jpg 768w, https:\/\/decmar.es\/wp-content\/uploads\/2023\/08\/marmol_apaisado-1536x1024.jpg 1536w, https:\/\/decmar.es\/wp-content\/uploads\/2023\/08\/marmol_apaisado.jpg 1600w\" sizes=\"auto, (max-width: 1024px) 100vw, 1024px\" \/><\/figure>\n\n\n\n<h2 class=\"wp-block-heading\">Marbre<\/h2>\n\n\n\n<p>El marbre, principalment compost per carbonat c\u00e0lcic, una tradici\u00f3 d&#8217;eleg\u00e0ncia i bellesa que ha sabut mantenir-se des de temps immemorables, sent una roca metam\u00f2rfica massissa, ha estat i continuar\u00e0 sent sin\u00f2nim de luxe i esplendor, revalorant tots els espais on es troba.<\/p>\n<\/div>\n\n\n\n<div class=\"wp-block-uagb-container uagb-block-e9059d84\">\n<figure class=\"wp-block-image size-large\"><img loading=\"lazy\" decoding=\"async\" width=\"1024\" height=\"683\" src=\"https:\/\/decmar.es\/wp-content\/uploads\/2023\/08\/granito_apaisado-1024x683.jpg\" alt=\"\" class=\"wp-image-314\" srcset=\"https:\/\/decmar.es\/wp-content\/uploads\/2023\/08\/granito_apaisado-1024x683.jpg 1024w, https:\/\/decmar.es\/wp-content\/uploads\/2023\/08\/granito_apaisado-300x200.jpg 300w, https:\/\/decmar.es\/wp-content\/uploads\/2023\/08\/granito_apaisado-768x512.jpg 768w, https:\/\/decmar.es\/wp-content\/uploads\/2023\/08\/granito_apaisado-1536x1024.jpg 1536w, https:\/\/decmar.es\/wp-content\/uploads\/2023\/08\/granito_apaisado.jpg 1600w\" sizes=\"auto, (max-width: 1024px) 100vw, 1024px\" \/><\/figure>\n\n\n\n<h2 class=\"wp-block-heading\">Granit<\/h2>\n\n\n\n<p>Duresa natural, \u00e9s una roca \u00edgnia plut\u00f2nica, formada principalment per quars, feldspat i mica. Podem trobar des dels tons m\u00e9s clars als m\u00e9s negres. Per la seva baixa porositat, duresa i ventall de tonalitats \u00e9s ideal per fer taulells de cuina, per\u00f2 tamb\u00e9 per revestir fa\u00e7anes per la seva resist\u00e8ncia a altes temperatures. Tamb\u00e9 podem descobrir-los a escales, paviments, etc.<\/p>\n<\/div>\n<\/div><\/div>\n\n<div class=\"wp-block-uagb-container uagb-block-51ad52ef alignfull uagb-is-root-container\"><div class=\"uagb-container-inner-blocks-wrap\">\n<div class=\"wp-block-uagb-container uagb-block-ec815dcc\">\n<figure class=\"wp-block-image size-large\"><img loading=\"lazy\" decoding=\"async\" width=\"1024\" height=\"683\" src=\"https:\/\/decmar.es\/wp-content\/uploads\/2023\/08\/pizarra_apaisado-1024x683.jpg\" alt=\"\" class=\"wp-image-316\" srcset=\"https:\/\/decmar.es\/wp-content\/uploads\/2023\/08\/pizarra_apaisado-1024x683.jpg 1024w, https:\/\/decmar.es\/wp-content\/uploads\/2023\/08\/pizarra_apaisado-300x200.jpg 300w, https:\/\/decmar.es\/wp-content\/uploads\/2023\/08\/pizarra_apaisado-768x512.jpg 768w, https:\/\/decmar.es\/wp-content\/uploads\/2023\/08\/pizarra_apaisado-1536x1024.jpg 1536w, https:\/\/decmar.es\/wp-content\/uploads\/2023\/08\/pizarra_apaisado.jpg 1600w\" sizes=\"auto, (max-width: 1024px) 100vw, 1024px\" \/><\/figure>\n\n\n\n<h2 class=\"wp-block-heading\">Pissarra<\/h2>\n\n\n\n<p>La pissarra \u00e9s una roca metam\u00f2rfica dorigen sedimentari. Sol estar dividida en primes l\u00e0mines o capes. Principalment est\u00e0 composada per quars i moscovita. Per la baixa porositat i la seva resist\u00e8ncia, la pissarra pot ser utilitzada tant a l&#8217;exterior com a l&#8217;interior, ens la podem trobar tant a cobertes, com a jardins, fa\u00e7anes, murs, coronaci\u00f3 de piscines oa interiors com revestiments de banys, paviments, decoraci\u00f3 de xemeneies, etc\u2026<\/p>\n<\/div>\n\n\n\n<div class=\"wp-block-uagb-container uagb-block-d37a4d8c\">\n<figure class=\"wp-block-image size-large\"><img loading=\"lazy\" decoding=\"async\" width=\"1024\" height=\"683\" src=\"https:\/\/decmar.es\/wp-content\/uploads\/2023\/08\/arenisca_apaisada-1024x683.jpg\" alt=\"\" class=\"wp-image-313\" srcset=\"https:\/\/decmar.es\/wp-content\/uploads\/2023\/08\/arenisca_apaisada-1024x683.jpg 1024w, https:\/\/decmar.es\/wp-content\/uploads\/2023\/08\/arenisca_apaisada-300x200.jpg 300w, https:\/\/decmar.es\/wp-content\/uploads\/2023\/08\/arenisca_apaisada-768x512.jpg 768w, https:\/\/decmar.es\/wp-content\/uploads\/2023\/08\/arenisca_apaisada-1536x1024.jpg 1536w, https:\/\/decmar.es\/wp-content\/uploads\/2023\/08\/arenisca_apaisada.jpg 1600w\" sizes=\"auto, (max-width: 1024px) 100vw, 1024px\" \/><\/figure>\n\n\n\n<h2 class=\"wp-block-heading\">Arenisca<\/h2>\n\n\n\n<p>La pedra sorrenca \u00e9s una roca sediment\u00e0ria amb tonalitats variables, formada en entorns aqu\u00e0tics al llarg de per\u00edodes prolongats. Les seves qualitats s\u00f3n influenciades pels minerals que es dipositen en el proc\u00e9s de formaci\u00f3. \u00c0mpliament utilitzada en construcci\u00f3 i decoraci\u00f3 a causa de la seva bellesa i durabilitat.<\/p>\n<\/div>\n<\/div><\/div>\n\n<div class=\"wp-block-uagb-container uagb-block-56e863f4 alignfull uagb-is-root-container\"><div class=\"uagb-container-inner-blocks-wrap\">\t\t\t\t\t<div\n\t\t\t\t\t\tclass=\"wp-block-uagb-image-gallery uagb-block-bcb4cd40     \"\n\t\t\t\t\t\tstyle=\"\"\n\t\t\t\t\t>\n\t\t\t\t\t\t\t\t\t\t\t<div class=\"spectra-image-gallery spectra-image-gallery__layout--carousel\">\n\t\t\t\t\t\t\t\t<div class=\"uagb-slick-carousel uagb-block-bcb4cd40\">\n\t\t\t\t\t\t\t\t\t\t\t\t<div class='spectra-image-gallery__media-wrapper' data-spectra-gallery-image-id='601'>\n\t\t\t\t\t\t\t<div class=\"spectra-image-gallery__media spectra-image-gallery__media--carousel\">\n\t\t\t\t<picture>\n\t\t\t\t\t<source media=\"(min-width: 1024px)\" srcset=\"https:\/\/decmar.es\/wp-content\/uploads\/2024\/04\/silestone.png\">\n\t\t\t\t\t<source media=\"(min-width: 768px)\" srcset=\"https:\/\/decmar.es\/wp-content\/uploads\/2024\/04\/silestone.png\">\n\t\t\t\t\t<img decoding=\"async\" class=\"spectra-image-gallery__media-thumbnail spectra-image-gallery__media-thumbnail--carousel\" src=\"https:\/\/decmar.es\/wp-content\/uploads\/2024\/04\/silestone-300x225.png\" alt=\"\" loading=\"lazy\" \/>\n\t\t\t\t<\/picture>\n\t\t\t\t<div class=\"spectra-image-gallery__media-thumbnail-blurrer\"><\/div>\n\t\t\t\t\t\t\t\t\t\t\t<div class=\"spectra-image-gallery__media-thumbnail-caption-wrapper spectra-image-gallery__media-thumbnail-caption-wrapper--overlay\"><\/div>\n\t\t\t\t\t\t\t\t<\/div>\n\t\t\t\t\t\t<\/div>\n\t\t\t\t\t\t<div class='spectra-image-gallery__media-wrapper' data-spectra-gallery-image-id='599'>\n\t\t\t\t\t\t\t<div class=\"spectra-image-gallery__media spectra-image-gallery__media--carousel\">\n\t\t\t\t<picture>\n\t\t\t\t\t<source media=\"(min-width: 1024px)\" srcset=\"https:\/\/decmar.es\/wp-content\/uploads\/2024\/04\/sensa.png\">\n\t\t\t\t\t<source media=\"(min-width: 768px)\" srcset=\"https:\/\/decmar.es\/wp-content\/uploads\/2024\/04\/sensa.png\">\n\t\t\t\t\t<img decoding=\"async\" class=\"spectra-image-gallery__media-thumbnail spectra-image-gallery__media-thumbnail--carousel\" src=\"https:\/\/decmar.es\/wp-content\/uploads\/2024\/04\/sensa-300x225.png\" alt=\"\" loading=\"lazy\" \/>\n\t\t\t\t<\/picture>\n\t\t\t\t<div class=\"spectra-image-gallery__media-thumbnail-blurrer\"><\/div>\n\t\t\t\t\t\t\t\t\t\t\t<div class=\"spectra-image-gallery__media-thumbnail-caption-wrapper spectra-image-gallery__media-thumbnail-caption-wrapper--overlay\"><\/div>\n\t\t\t\t\t\t\t\t<\/div>\n\t\t\t\t\t\t<\/div>\n\t\t\t\t\t\t<div class='spectra-image-gallery__media-wrapper' data-spectra-gallery-image-id='597'>\n\t\t\t\t\t\t\t<div class=\"spectra-image-gallery__media spectra-image-gallery__media--carousel\">\n\t\t\t\t<picture>\n\t\t\t\t\t<source media=\"(min-width: 1024px)\" srcset=\"https:\/\/decmar.es\/wp-content\/uploads\/2024\/04\/dekton.png\">\n\t\t\t\t\t<source media=\"(min-width: 768px)\" srcset=\"https:\/\/decmar.es\/wp-content\/uploads\/2024\/04\/dekton.png\">\n\t\t\t\t\t<img decoding=\"async\" class=\"spectra-image-gallery__media-thumbnail spectra-image-gallery__media-thumbnail--carousel\" src=\"https:\/\/decmar.es\/wp-content\/uploads\/2024\/04\/dekton-300x225.png\" alt=\"\" loading=\"lazy\" \/>\n\t\t\t\t<\/picture>\n\t\t\t\t<div class=\"spectra-image-gallery__media-thumbnail-blurrer\"><\/div>\n\t\t\t\t\t\t\t\t\t\t\t<div class=\"spectra-image-gallery__media-thumbnail-caption-wrapper spectra-image-gallery__media-thumbnail-caption-wrapper--overlay\"><\/div>\n\t\t\t\t\t\t\t\t<\/div>\n\t\t\t\t\t\t<\/div>\n\t\t\t\t\t\t<div class='spectra-image-gallery__media-wrapper' data-spectra-gallery-image-id='563'>\n\t\t\t\t\t\t\t<div class=\"spectra-image-gallery__media spectra-image-gallery__media--carousel\">\n\t\t\t\t<picture>\n\t\t\t\t\t<source media=\"(min-width: 1024px)\" srcset=\"https:\/\/decmar.es\/wp-content\/uploads\/2024\/04\/compac.png\">\n\t\t\t\t\t<source media=\"(min-width: 768px)\" srcset=\"https:\/\/decmar.es\/wp-content\/uploads\/2024\/04\/compac.png\">\n\t\t\t\t\t<img decoding=\"async\" class=\"spectra-image-gallery__media-thumbnail spectra-image-gallery__media-thumbnail--carousel\" src=\"https:\/\/decmar.es\/wp-content\/uploads\/2024\/04\/compac-300x225.png\" alt=\"\" loading=\"lazy\" \/>\n\t\t\t\t<\/picture>\n\t\t\t\t<div class=\"spectra-image-gallery__media-thumbnail-blurrer\"><\/div>\n\t\t\t\t\t\t\t\t\t\t\t<div class=\"spectra-image-gallery__media-thumbnail-caption-wrapper spectra-image-gallery__media-thumbnail-caption-wrapper--overlay\"><\/div>\n\t\t\t\t\t\t\t\t<\/div>\n\t\t\t\t\t\t<\/div>\n\t\t\t\t\t\t<div class='spectra-image-gallery__media-wrapper' data-spectra-gallery-image-id='569'>\n\t\t\t\t\t\t\t<div class=\"spectra-image-gallery__media spectra-image-gallery__media--carousel\">\n\t\t\t\t<picture>\n\t\t\t\t\t<source media=\"(min-width: 1024px)\" srcset=\"https:\/\/decmar.es\/wp-content\/uploads\/2024\/04\/neolith.png\">\n\t\t\t\t\t<source media=\"(min-width: 768px)\" srcset=\"https:\/\/decmar.es\/wp-content\/uploads\/2024\/04\/neolith.png\">\n\t\t\t\t\t<img decoding=\"async\" class=\"spectra-image-gallery__media-thumbnail spectra-image-gallery__media-thumbnail--carousel\" src=\"https:\/\/decmar.es\/wp-content\/uploads\/2024\/04\/neolith-300x225.png\" alt=\"\" loading=\"lazy\" \/>\n\t\t\t\t<\/picture>\n\t\t\t\t<div class=\"spectra-image-gallery__media-thumbnail-blurrer\"><\/div>\n\t\t\t\t\t\t\t\t\t\t\t<div class=\"spectra-image-gallery__media-thumbnail-caption-wrapper spectra-image-gallery__media-thumbnail-caption-wrapper--overlay\"><\/div>\n\t\t\t\t\t\t\t\t<\/div>\n\t\t\t\t\t\t<\/div>\n\t\t\t\t\t\t<div class='spectra-image-gallery__media-wrapper' data-spectra-gallery-image-id='573'>\n\t\t\t\t\t\t\t<div class=\"spectra-image-gallery__media spectra-image-gallery__media--carousel\">\n\t\t\t\t<picture>\n\t\t\t\t\t<source media=\"(min-width: 1024px)\" srcset=\"https:\/\/decmar.es\/wp-content\/uploads\/2024\/04\/techlam.png\">\n\t\t\t\t\t<source media=\"(min-width: 768px)\" srcset=\"https:\/\/decmar.es\/wp-content\/uploads\/2024\/04\/techlam.png\">\n\t\t\t\t\t<img decoding=\"async\" class=\"spectra-image-gallery__media-thumbnail spectra-image-gallery__media-thumbnail--carousel\" src=\"https:\/\/decmar.es\/wp-content\/uploads\/2024\/04\/techlam-300x225.png\" alt=\"\" loading=\"lazy\" \/>\n\t\t\t\t<\/picture>\n\t\t\t\t<div class=\"spectra-image-gallery__media-thumbnail-blurrer\"><\/div>\n\t\t\t\t\t\t\t\t\t\t\t<div class=\"spectra-image-gallery__media-thumbnail-caption-wrapper spectra-image-gallery__media-thumbnail-caption-wrapper--overlay\"><\/div>\n\t\t\t\t\t\t\t\t<\/div>\n\t\t\t\t\t\t<\/div>\n\t\t\t\t\t\t<div class='spectra-image-gallery__media-wrapper' data-spectra-gallery-image-id='571'>\n\t\t\t\t\t\t\t<div class=\"spectra-image-gallery__media spectra-image-gallery__media--carousel\">\n\t\t\t\t<picture>\n\t\t\t\t\t<source media=\"(min-width: 1024px)\" srcset=\"https:\/\/decmar.es\/wp-content\/uploads\/2024\/04\/sapienstone.png\">\n\t\t\t\t\t<source media=\"(min-width: 768px)\" srcset=\"https:\/\/decmar.es\/wp-content\/uploads\/2024\/04\/sapienstone.png\">\n\t\t\t\t\t<img decoding=\"async\" class=\"spectra-image-gallery__media-thumbnail spectra-image-gallery__media-thumbnail--carousel\" src=\"https:\/\/decmar.es\/wp-content\/uploads\/2024\/04\/sapienstone-300x225.png\" alt=\"\" loading=\"lazy\" \/>\n\t\t\t\t<\/picture>\n\t\t\t\t<div class=\"spectra-image-gallery__media-thumbnail-blurrer\"><\/div>\n\t\t\t\t\t\t\t\t\t\t\t<div class=\"spectra-image-gallery__media-thumbnail-caption-wrapper spectra-image-gallery__media-thumbnail-caption-wrapper--overlay\"><\/div>\n\t\t\t\t\t\t\t\t<\/div>\n\t\t\t\t\t\t<\/div>\n\t\t\t\t\t\t<div class='spectra-image-gallery__media-wrapper' data-spectra-gallery-image-id='567'>\n\t\t\t\t\t\t\t<div class=\"spectra-image-gallery__media spectra-image-gallery__media--carousel\">\n\t\t\t\t<picture>\n\t\t\t\t\t<source media=\"(min-width: 1024px)\" srcset=\"https:\/\/decmar.es\/wp-content\/uploads\/2024\/04\/naturamia.png\">\n\t\t\t\t\t<source media=\"(min-width: 768px)\" srcset=\"https:\/\/decmar.es\/wp-content\/uploads\/2024\/04\/naturamia.png\">\n\t\t\t\t\t<img decoding=\"async\" class=\"spectra-image-gallery__media-thumbnail spectra-image-gallery__media-thumbnail--carousel\" src=\"https:\/\/decmar.es\/wp-content\/uploads\/2024\/04\/naturamia-300x225.png\" alt=\"\" loading=\"lazy\" \/>\n\t\t\t\t<\/picture>\n\t\t\t\t<div class=\"spectra-image-gallery__media-thumbnail-blurrer\"><\/div>\n\t\t\t\t\t\t\t\t\t\t\t<div class=\"spectra-image-gallery__media-thumbnail-caption-wrapper spectra-image-gallery__media-thumbnail-caption-wrapper--overlay\"><\/div>\n\t\t\t\t\t\t\t\t<\/div>\n\t\t\t\t\t\t<\/div>\n\t\t\t\t\t\t<div class='spectra-image-gallery__media-wrapper' data-spectra-gallery-image-id='565'>\n\t\t\t\t\t\t\t<div class=\"spectra-image-gallery__media spectra-image-gallery__media--carousel\">\n\t\t\t\t<picture>\n\t\t\t\t\t<source media=\"(min-width: 1024px)\" srcset=\"https:\/\/decmar.es\/wp-content\/uploads\/2024\/04\/levantina.png\">\n\t\t\t\t\t<source media=\"(min-width: 768px)\" srcset=\"https:\/\/decmar.es\/wp-content\/uploads\/2024\/04\/levantina.png\">\n\t\t\t\t\t<img decoding=\"async\" class=\"spectra-image-gallery__media-thumbnail spectra-image-gallery__media-thumbnail--carousel\" src=\"https:\/\/decmar.es\/wp-content\/uploads\/2024\/04\/levantina-300x225.png\" alt=\"\" loading=\"lazy\" \/>\n\t\t\t\t<\/picture>\n\t\t\t\t<div class=\"spectra-image-gallery__media-thumbnail-blurrer\"><\/div>\n\t\t\t\t\t\t\t\t\t\t\t<div class=\"spectra-image-gallery__media-thumbnail-caption-wrapper spectra-image-gallery__media-thumbnail-caption-wrapper--overlay\"><\/div>\n\t\t\t\t\t\t\t\t<\/div>\n\t\t\t\t\t\t<\/div>\n\t\t\t\t\t\t\t\t\t\t\t<\/div>\n\t\t\t\t\t\t\t<\/div>\n\t\t\t\t\t\t\t\t\t\t\t<\/div>\n\t\t\t\t\t\t\t\t\t<\/div><\/div>\n","protected":false},"excerpt":{"rendered":"<p>Marbre El marbre, principalment compost per carbonat c\u00e0lcic, una tradici\u00f3 d&#8217;eleg\u00e0ncia i bellesa que ha sabut mantenir-se des de temps immemorables, sent una roca metam\u00f2rfica massissa, ha estat i continuar\u00e0 sent sin\u00f2nim de luxe i esplendor, revalorant tots els espais on es troba. Granit Duresa natural, \u00e9s una roca \u00edgnia plut\u00f2nica, formada principalment per quars, [&hellip;]<\/p>\n","protected":false},"author":1,"featured_media":0,"parent":0,"menu_order":15,"comment_status":"closed","ping_status":"closed","template":"","meta":{"_seopress_robots_primary_cat":"","_seopress_titles_title":"","_seopress_titles_desc":"","_seopress_robots_index":"","_uag_custom_page_level_css":"","site-sidebar-layout":"default","site-content-layout":"","ast-site-content-layout":"default","site-content-style":"default","site-sidebar-style":"default","ast-global-header-display":"","ast-banner-title-visibility":"","ast-main-header-display":"","ast-hfb-above-header-display":"","ast-hfb-below-header-display":"","ast-hfb-mobile-header-display":"","site-post-title":"","ast-breadcrumbs-content":"","ast-featured-img":"","footer-sml-layout":"","theme-transparent-header-meta":"","adv-header-id-meta":"","stick-header-meta":"","header-above-stick-meta":"","header-main-stick-meta":"","header-below-stick-meta":"","astra-migrate-meta-layouts":"default","ast-page-background-enabled":"default","ast-page-background-meta":{"desktop":{"background-color":"var(--ast-global-color-4)","background-image":"","background-repeat":"repeat","background-position":"center center","background-size":"auto","background-attachment":"scroll","background-type":"","background-media":"","overlay-type":"","overlay-color":"","overlay-opacity":"","overlay-gradient":""},"tablet":{"background-color":"","background-image":"","background-repeat":"repeat","background-position":"center center","background-size":"auto","background-attachment":"scroll","background-type":"","background-media":"","overlay-type":"","overlay-color":"","overlay-opacity":"","overlay-gradient":""},"mobile":{"background-color":"","background-image":"","background-repeat":"repeat","background-position":"center center","background-size":"auto","background-attachment":"scroll","background-type":"","background-media":"","overlay-type":"","overlay-color":"","overlay-opacity":"","overlay-gradient":""}},"ast-content-background-meta":{"desktop":{"background-color":"var(--ast-global-color-5)","background-image":"","background-repeat":"repeat","background-position":"center center","background-size":"auto","background-attachment":"scroll","background-type":"","background-media":"","overlay-type":"","overlay-color":"","overlay-opacity":"","overlay-gradient":""},"tablet":{"background-color":"var(--ast-global-color-5)","background-image":"","background-repeat":"repeat","background-position":"center center","background-size":"auto","background-attachment":"scroll","background-type":"","background-media":"","overlay-type":"","overlay-color":"","overlay-opacity":"","overlay-gradient":""},"mobile":{"background-color":"var(--ast-global-color-5)","background-image":"","background-repeat":"repeat","background-position":"center center","background-size":"auto","background-attachment":"scroll","background-type":"","background-media":"","overlay-type":"","overlay-color":"","overlay-opacity":"","overlay-gradient":""}},"footnotes":""},"class_list":["post-412","page","type-page","status-publish","hentry"],"uagb_featured_image_src":{"full":false,"thumbnail":false,"medium":false,"medium_large":false,"large":false,"1536x1536":false,"2048x2048":false},"uagb_author_info":{"display_name":"david@kreamedia.com","author_link":"https:\/\/decmar.es\/ca\/author\/davidkreamedia-com\/"},"uagb_comment_info":0,"uagb_excerpt":"Marbre El marbre, principalment compost per carbonat c\u00e0lcic, una tradici\u00f3 d&#8217;eleg\u00e0ncia i bellesa que ha sabut mantenir-se des de temps immemorables, sent una roca metam\u00f2rfica massissa, ha estat i continuar\u00e0 sent sin\u00f2nim de luxe i esplendor, revalorant tots els espais on es troba. Granit Duresa natural, \u00e9s una roca \u00edgnia plut\u00f2nica, formada principalment per quars,&hellip;","_links":{"self":[{"href":"https:\/\/decmar.es\/ca\/wp-json\/wp\/v2\/pages\/412","targetHints":{"allow":["GET"]}}],"collection":[{"href":"https:\/\/decmar.es\/ca\/wp-json\/wp\/v2\/pages"}],"about":[{"href":"https:\/\/decmar.es\/ca\/wp-json\/wp\/v2\/types\/page"}],"author":[{"embeddable":true,"href":"https:\/\/decmar.es\/ca\/wp-json\/wp\/v2\/users\/1"}],"replies":[{"embeddable":true,"href":"https:\/\/decmar.es\/ca\/wp-json\/wp\/v2\/comments?post=412"}],"version-history":[{"count":15,"href":"https:\/\/decmar.es\/ca\/wp-json\/wp\/v2\/pages\/412\/revisions"}],"predecessor-version":[{"id":607,"href":"https:\/\/decmar.es\/ca\/wp-json\/wp\/v2\/pages\/412\/revisions\/607"}],"wp:attachment":[{"href":"https:\/\/decmar.es\/ca\/wp-json\/wp\/v2\/media?parent=412"}],"curies":[{"name":"wp","href":"https:\/\/api.w.org\/{rel}","templated":true}]}}